{"id":447,"date":"2026-04-23T12:27:23","date_gmt":"2026-04-23T12:27:23","guid":{"rendered":"https:\/\/reportinghouse.k-clients.com\/eksodi-99\/"},"modified":"2026-05-13T21:59:40","modified_gmt":"2026-05-13T21:59:40","slug":"eksodi-99","status":"publish","type":"page","link":"https:\/\/reportinghouse.k-clients.com\/en\/eksodi-99\/","title":{"rendered":"Exodus &#8217;99"},"content":{"rendered":"<p><span style=\"font-weight: 400;\">Duke sh\u00ebnuar nj\u00eb \u00e7erek shekulli nga p\u00ebrfundimi i luft\u00ebs n\u00eb Kosov\u00eb, muzeu REPORTING HOUSE i ofron publikut vendor dhe vizitor\u00ebve t\u00eb huaj nj\u00eb pasqyrim t\u00eb holl\u00ebsish\u00ebm t\u00eb luft\u00ebs ton\u00eb evropiane q\u00eb p\u00ebrmbylli shekullin e 20-t\u00eb. E prodhuar nga BIRN Kosova, Kallxo.com &amp; Prishtina Biennale, ekspozita prezanton pun\u00ebn e gazetar\u00ebve, fotograf\u00ebve dhe artefakte t\u00eb punonj\u00ebsve t\u00eb mediave, pun\u00eb k\u00ebto q\u00eb vendosen krahas veprave t\u00eb artit bashk\u00ebkohor q\u00eb reflektojn\u00eb mbi ndikimin e luft\u00ebs n\u00eb dekadat q\u00eb pasuan. REPORTING HOUSE u mund\u00ebson vizitor\u00ebve t\u00eb rrugwtojnw n\u00eb konfliktin q\u00eb po vlonte gjat\u00eb viteve 1990, qw nga rezistenca paqwsore dhe linjda e l\u00ebvizjes guerile tw Ushtris\u00eb \u00c7lirimtare t\u00eb Kosov\u00ebs, q\u00eb m\u00eb von\u00eb shp\u00ebrtheu n\u00eb luft\u00eb n\u00eb vitet 1998-1999 dhe kulmoi me 11 jav\u00eb t\u00eb sulmeve ajrore t\u00eb NATO-s q\u00eb \u00e7uan n\u00eb \u00e7lirimin e Kosov\u00ebs dhe n\u00eb pavar\u00ebsin\u00eb e saj n\u00eb vitin 2008. Ekspozita shpalos draftin e par\u00eb t\u00eb k\u00ebsaj historie t\u00eb shkruar nga gazetar\u00ebt dhe demonstron rolin qendror q\u00eb e ka luajtur media krahas interpretimeve artistike t\u00eb m\u00ebvonshme t\u00eb k\u00ebsaj historie. Publiku ftohet q\u00eb ta kuptoj\u00eb m\u00eb tej historin\u00eb e jasht\u00ebzakonshme t\u00eb Kosov\u00ebs, nd\u00ebrsa muzeu \u00ebsht\u00eb e hapur p\u00ebr bashk\u00ebpunim p\u00ebr zhvillimin e saj t\u00eb m\u00ebtejsh\u00ebm.<\/span><\/p>\n<p><span style=\"font-weight: 400;\">Producente dhe themeluese e Reporting House ne Kosovw \u00ebsht\u00eb Jeta Xharra, gazetare e njohur n\u00eb Kosov\u00eb e cila nisi karrier\u00ebn gjat\u00eb ofensiv\u00ebs s\u00eb Serbis\u00eb n\u00eb Prekaz n\u00eb mosh\u00ebn 19-vje\u00e7are (xhirim t\u00eb cilin e ka digjitalizuar dhe eskpozohet n\u00eb muze) nd\u00ebrsa kuratori i ekspozit\u00ebs \u00ebsht\u00eb Gazmend Ejupi, artisti kosovaro-britanez q\u00eb \u00ebsht\u00eb dekan i artit n\u00eb arsim n\u00eb Kosov\u00eb dhe ka marr\u00eb pjes\u00eb n\u00eb protestat studentore gjat\u00eb n\u00ebnt\u00ebdhjetave.<\/span><\/p>\n","protected":false},"excerpt":{"rendered":"<p>Duke sh\u00ebnuar nj\u00eb \u00e7erek shekulli nga p\u00ebrfundimi i luft\u00ebs n\u00eb Kosov\u00eb, muzeu REPORTING HOUSE i ofron publikut vendor dhe vizitor\u00ebve t\u00eb huaj nj\u00eb pasqyrim t\u00eb holl\u00ebsish\u00ebm t\u00eb luft\u00ebs ton\u00eb evropiane q\u00eb p\u00ebrmbylli shekullin e 20-t\u00eb. E prodhuar nga BIRN Kosova, Kallxo.com &amp; Prishtina Biennale, ekspozita prezanton pun\u00ebn e gazetar\u00ebve, fotograf\u00ebve dhe artefakte t\u00eb punonj\u00ebsve t\u00eb [&hellip;]<\/p>\n","protected":false},"author":1,"featured_media":0,"parent":0,"menu_order":0,"comment_status":"closed","ping_status":"closed","template":"page-eksodi-99.php","meta":{"_acf_changed":false,"footnotes":""},"class_list":["post-447","page","type-page","status-publish","hentry"],"acf":[],"_links":{"self":[{"href":"https:\/\/reportinghouse.k-clients.com\/en\/wp-json\/wp\/v2\/pages\/447","targetHints":{"allow":["GET"]}}],"collection":[{"href":"https:\/\/reportinghouse.k-clients.com\/en\/wp-json\/wp\/v2\/pages"}],"about":[{"href":"https:\/\/reportinghouse.k-clients.com\/en\/wp-json\/wp\/v2\/types\/page"}],"author":[{"embeddable":true,"href":"https:\/\/reportinghouse.k-clients.com\/en\/wp-json\/wp\/v2\/users\/1"}],"replies":[{"embeddable":true,"href":"https:\/\/reportinghouse.k-clients.com\/en\/wp-json\/wp\/v2\/comments?post=447"}],"version-history":[{"count":2,"href":"https:\/\/reportinghouse.k-clients.com\/en\/wp-json\/wp\/v2\/pages\/447\/revisions"}],"predecessor-version":[{"id":449,"href":"https:\/\/reportinghouse.k-clients.com\/en\/wp-json\/wp\/v2\/pages\/447\/revisions\/449"}],"wp:attachment":[{"href":"https:\/\/reportinghouse.k-clients.com\/en\/wp-json\/wp\/v2\/media?parent=447"}],"curies":[{"name":"wp","href":"https:\/\/api.w.org\/{rel}","templated":true}]}}